{"id":2271,"date":"2024-07-29T12:57:14","date_gmt":"2024-07-29T12:57:14","guid":{"rendered":"https:\/\/www.ctms-imc.com\/?page_id=2271"},"modified":"2024-07-29T12:58:45","modified_gmt":"2024-07-29T12:58:45","slug":"cloud","status":"publish","type":"page","link":"https:\/\/www.ctms-imc.com\/fr\/cloud\/","title":{"rendered":"Cloud"},"content":{"rendered":"<div data-elementor-type=\"wp-page\" data-elementor-id=\"2271\" class=\"elementor elementor-2271\" data-elementor-post-type=\"page\">\n\t\t\t\t\t\t<section class=\"elementor-section elementor-top-section elementor-element elementor-element-567a5bb elementor-section-boxed elementor-section-height-default elementor-section-height-default\" data-id=\"567a5bb\" data-element_type=\"section\">\n\t\t\t\t\t\t<div class=\"elementor-container elementor-column-gap-default\">\n\t\t\t\t\t<div class=\"elementor-column elementor-col-100 elementor-top-column elementor-element elementor-element-c6efd1c\" data-id=\"c6efd1c\" data-element_type=\"column\">\n\t\t\t<div class=\"elementor-widget-wrap\">\n\t\t\t\t\t\t\t<\/div>\n\t\t<\/div>\n\t\t\t\t\t<\/div>\n\t\t<\/section>\n\t\t\t\t<section class=\"elementor-section elementor-top-section elementor-element elementor-element-48429cc8 elementor-section-full_width elementor-hidden-mobile elementor-section-height-default elementor-section-height-default\" data-id=\"48429cc8\" data-element_type=\"section\">\n\t\t\t\t\t\t<div class=\"elementor-container elementor-column-gap-default\">\n\t\t\t\t\t<div class=\"elementor-column elementor-col-100 elementor-top-column elementor-element elementor-element-6b08f166\" data-id=\"6b08f166\" data-element_type=\"column\" data-settings=\"{&quot;background_background&quot;:&quot;classic&quot;}\">\n\t\t\t<div class=\"elementor-widget-wrap elementor-element-populated\">\n\t\t\t\t\t\t<div class=\"elementor-element elementor-element-54dde4a0 elementor-widget elementor-widget-image\" data-id=\"54dde4a0\" data-element_type=\"widget\" data-widget_type=\"image.default\">\n\t\t\t\t\t\t\t\t\t\t\t\t\t\t\t<img fetchpriority=\"high\" decoding=\"async\" width=\"1900\" height=\"290\" src=\"https:\/\/www.ctms-imc.com\/wp-content\/uploads\/2022\/09\/banner-Softwer01.jpg\" class=\"attachment-2048x2048 size-2048x2048 wp-image-1564\" alt=\"\" srcset=\"https:\/\/www.ctms-imc.com\/wp-content\/uploads\/2022\/09\/banner-Softwer01.jpg 1900w, https:\/\/www.ctms-imc.com\/wp-content\/uploads\/2022\/09\/banner-Softwer01-300x46.jpg 300w, https:\/\/www.ctms-imc.com\/wp-content\/uploads\/2022\/09\/banner-Softwer01-1024x156.jpg 1024w, https:\/\/www.ctms-imc.com\/wp-content\/uploads\/2022\/09\/banner-Softwer01-768x117.jpg 768w, https:\/\/www.ctms-imc.com\/wp-content\/uploads\/2022\/09\/banner-Softwer01-1536x234.jpg 1536w\" sizes=\"(max-width: 1900px) 100vw, 1900px\" \/>\t\t\t\t\t\t\t\t\t\t\t\t\t\t\t<\/div>\n\t\t\t\t\t<\/div>\n\t\t<\/div>\n\t\t\t\t\t<\/div>\n\t\t<\/section>\n\t\t\t\t<section class=\"elementor-section elementor-top-section elementor-element elementor-element-f2104e4 elementor-section-boxed elementor-section-height-default elementor-section-height-default\" data-id=\"f2104e4\" data-element_type=\"section\" data-settings=\"{&quot;background_background&quot;:&quot;classic&quot;}\">\n\t\t\t\t\t\t<div class=\"elementor-container elementor-column-gap-default\">\n\t\t\t\t\t<div class=\"elementor-column elementor-col-100 elementor-top-column elementor-element elementor-element-952034e\" data-id=\"952034e\" data-element_type=\"column\">\n\t\t\t<div class=\"elementor-widget-wrap elementor-element-populated\">\n\t\t\t\t\t\t<div class=\"elementor-element elementor-element-23c2b48 elementor-widget elementor-widget-heading\" data-id=\"23c2b48\" data-element_type=\"widget\" data-widget_type=\"heading.default\">\n\t\t\t\t\t<h2 class=\"elementor-heading-title elementor-size-default\">Passez au num\u00e9rique<\/h2>\t\t\t\t<\/div>\n\t\t\t\t\t<\/div>\n\t\t<\/div>\n\t\t\t\t\t<\/div>\n\t\t<\/section>\n\t\t\t\t<section class=\"elementor-section elementor-top-section elementor-element elementor-element-3d06860 elementor-section-boxed elementor-section-height-default elementor-section-height-default\" data-id=\"3d06860\" data-element_type=\"section\">\n\t\t\t\t\t\t<div class=\"elementor-container elementor-column-gap-default\">\n\t\t\t\t\t<div class=\"elementor-column elementor-col-100 elementor-top-column elementor-element elementor-element-735fd5b\" data-id=\"735fd5b\" data-element_type=\"column\">\n\t\t\t<div class=\"elementor-widget-wrap\">\n\t\t\t\t\t\t\t<\/div>\n\t\t<\/div>\n\t\t\t\t\t<\/div>\n\t\t<\/section>\n\t\t\t\t<section class=\"elementor-section elementor-top-section elementor-element elementor-element-7266899 elementor-section-boxed elementor-section-height-default elementor-section-height-default\" data-id=\"7266899\" data-element_type=\"section\">\n\t\t\t\t\t\t<div class=\"elementor-container elementor-column-gap-default\">\n\t\t\t\t\t<div class=\"elementor-column elementor-col-50 elementor-top-column elementor-element elementor-element-48ca1f2\" data-id=\"48ca1f2\" data-element_type=\"column\">\n\t\t\t<div class=\"elementor-widget-wrap elementor-element-populated\">\n\t\t\t\t\t\t<div class=\"elementor-element elementor-element-3ca3260 elementor-widget elementor-widget-heading\" data-id=\"3ca3260\" data-element_type=\"widget\" data-widget_type=\"heading.default\">\n\t\t\t\t\t<h5 class=\"elementor-heading-title elementor-size-default\">La puissance du Cloud<\/h5>\t\t\t\t<\/div>\n\t\t\t\t<div class=\"elementor-element elementor-element-6b29883 elementor-widget elementor-widget-text-editor\" data-id=\"6b29883\" data-element_type=\"widget\" data-widget_type=\"text-editor.default\">\n\t\t\t\t\t\t\t\t\t<p>Compte tenu du volume et de la complexit\u00e9 des donn\u00e9es d'outils,<br \/>il est plus que jamais n\u00e9cessaire de se connecter au Cloud et de b\u00e9n\u00e9ficier de ses avantages confirm\u00e9s. <br \/>ISCAR propose un service d'abonnement \u00e9conomique pour la migration de votre base de donn\u00e9es vers le Cloud MATRIX, solution \u00e9volutive bas\u00e9e sur la plateforme Microsoft Azure.<\/p>\t\t\t\t\t\t\t\t<\/div>\n\t\t\t\t<div class=\"elementor-element elementor-element-ed90697 elementor-widget elementor-widget-heading\" data-id=\"ed90697\" data-element_type=\"widget\" data-widget_type=\"heading.default\">\n\t\t\t\t\t<h5 class=\"elementor-heading-title elementor-size-default\">Multisites<\/h5>\t\t\t\t<\/div>\n\t\t\t\t<div class=\"elementor-element elementor-element-798783f elementor-widget elementor-widget-text-editor\" data-id=\"798783f\" data-element_type=\"widget\" data-widget_type=\"text-editor.default\">\n\t\t\t\t\t\t\t\t\t<p>La toute derni\u00e8re version de notre logiciel offre une solution compl\u00e8te de gestion de vos outils sur plusieurs sites. <br \/>Economisez du temps en cr\u00e9ant par exemple un article unique pour une utilisation multisites. Autorisez l'acc\u00e8s \u00e0 l'ensemble des sites ou \u00e0 une s\u00e9lection uniquement. <br \/>G\u00e9rez les rapports par site. La souplesse de ce syst\u00e8me permet de gagner du temps et de limiter les erreurs<\/p>\t\t\t\t\t\t\t\t<\/div>\n\t\t\t\t\t<\/div>\n\t\t<\/div>\n\t\t\t\t<div class=\"elementor-column elementor-col-50 elementor-top-column elementor-element elementor-element-be25ba5\" data-id=\"be25ba5\" data-element_type=\"column\">\n\t\t\t<div class=\"elementor-widget-wrap elementor-element-populated\">\n\t\t\t\t\t\t<div class=\"elementor-element elementor-element-534c832 elementor-widget elementor-widget-image\" data-id=\"534c832\" data-element_type=\"widget\" data-widget_type=\"image.default\">\n\t\t\t\t\t\t\t\t\t\t\t\t\t\t\t<img decoding=\"async\" width=\"1024\" height=\"996\" src=\"https:\/\/www.ctms-imc.com\/wp-content\/uploads\/2022\/07\/cloud1-02-1024x996.jpg\" class=\"attachment-large size-large wp-image-798\" alt=\"\" srcset=\"https:\/\/www.ctms-imc.com\/wp-content\/uploads\/2022\/07\/cloud1-02-1024x996.jpg 1024w, https:\/\/www.ctms-imc.com\/wp-content\/uploads\/2022\/07\/cloud1-02-300x292.jpg 300w, https:\/\/www.ctms-imc.com\/wp-content\/uploads\/2022\/07\/cloud1-02-768x747.jpg 768w, https:\/\/www.ctms-imc.com\/wp-content\/uploads\/2022\/07\/cloud1-02-1536x1494.jpg 1536w, https:\/\/www.ctms-imc.com\/wp-content\/uploads\/2022\/07\/cloud1-02-2048x1992.jpg 2048w\" sizes=\"(max-width: 1024px) 100vw, 1024px\" \/>\t\t\t\t\t\t\t\t\t\t\t\t\t\t\t<\/div>\n\t\t\t\t\t<\/div>\n\t\t<\/div>\n\t\t\t\t\t<\/div>\n\t\t<\/section>\n\t\t\t\t<\/div>","protected":false},"excerpt":{"rendered":"<p>Go Digital The Power of the Cloud Regardless of the size or complexity of your tool data base, it\u2019s never been a better time to connect and enjoy the hassle-free benefits of the Cloud.We offer an economical subscription-based service to migrate your local data base to our MATRIX Cloud. A scalable solution based on Microsoft &hellip;<\/p>\n<p class=\"read-more\"> <a class=\"\" href=\"https:\/\/www.ctms-imc.com\/fr\/cloud\/\"> <span class=\"screen-reader-text\">Cloud<\/span> Lire la suite\u00a0\u00bb<\/a><\/p>","protected":false},"author":1,"featured_media":0,"parent":0,"menu_order":0,"comment_status":"closed","ping_status":"closed","template":"","meta":{"inline_featured_image":false,"site-sidebar-layout":"no-sidebar","site-content-layout":"page-builder","ast-global-header-display":"","ast-main-header-display":"","ast-hfb-above-header-display":"","ast-hfb-below-header-display":"","ast-hfb-mobile-header-display":"","site-post-title":"disabled","ast-breadcrumbs-content":"","ast-featured-img":"disabled","footer-sml-layout":"","theme-transparent-header-meta":"","adv-header-id-meta":"","stick-header-meta":"","header-above-stick-meta":"","header-main-stick-meta":"","header-below-stick-meta":"","footnotes":""},"class_list":["post-2271","page","type-page","status-publish","hentry"],"_links":{"self":[{"href":"https:\/\/www.ctms-imc.com\/fr\/wp-json\/wp\/v2\/pages\/2271"}],"collection":[{"href":"https:\/\/www.ctms-imc.com\/fr\/wp-json\/wp\/v2\/pages"}],"about":[{"href":"https:\/\/www.ctms-imc.com\/fr\/wp-json\/wp\/v2\/types\/page"}],"author":[{"embeddable":true,"href":"https:\/\/www.ctms-imc.com\/fr\/wp-json\/wp\/v2\/users\/1"}],"replies":[{"embeddable":true,"href":"https:\/\/www.ctms-imc.com\/fr\/wp-json\/wp\/v2\/comments?post=2271"}],"version-history":[{"count":4,"href":"https:\/\/www.ctms-imc.com\/fr\/wp-json\/wp\/v2\/pages\/2271\/revisions"}],"predecessor-version":[{"id":2279,"href":"https:\/\/www.ctms-imc.com\/fr\/wp-json\/wp\/v2\/pages\/2271\/revisions\/2279"}],"wp:attachment":[{"href":"https:\/\/www.ctms-imc.com\/fr\/wp-json\/wp\/v2\/media?parent=2271"}],"curies":[{"name":"wp","href":"https:\/\/api.w.org\/{rel}","templated":true}]}}