{"id":491,"date":"2022-07-25T07:13:24","date_gmt":"2022-07-25T07:13:24","guid":{"rendered":"https:\/\/www.ctms-imc.com\/ctmsimc-dev\/?page_id=491"},"modified":"2022-09-15T07:09:25","modified_gmt":"2022-09-15T07:09:25","slug":"ctms","status":"publish","type":"page","link":"https:\/\/www.ctms-imc.com\/es\/ctms\/","title":{"rendered":"CTMS"},"content":{"rendered":"<div data-elementor-type=\"wp-page\" data-elementor-id=\"491\" class=\"elementor elementor-491\" data-elementor-post-type=\"page\">\n\t\t\t\t\t\t<section class=\"elementor-section elementor-top-section elementor-element elementor-element-6f374646 elementor-section-full_width elementor-hidden-mobile elementor-section-height-default elementor-section-height-default\" data-id=\"6f374646\" data-element_type=\"section\">\n\t\t\t\t\t\t<div class=\"elementor-container elementor-column-gap-default\">\n\t\t\t\t\t<div class=\"elementor-column elementor-col-100 elementor-top-column elementor-element elementor-element-34e64b21\" data-id=\"34e64b21\" data-element_type=\"column\" data-settings=\"{&quot;background_background&quot;:&quot;classic&quot;}\">\n\t\t\t<div class=\"elementor-widget-wrap elementor-element-populated\">\n\t\t\t\t\t\t<div class=\"elementor-element elementor-element-149c8bbb elementor-widget elementor-widget-image\" data-id=\"149c8bbb\" data-element_type=\"widget\" data-widget_type=\"image.default\">\n\t\t\t\t\t\t\t\t\t\t\t\t\t\t\t<img fetchpriority=\"high\" decoding=\"async\" width=\"1900\" height=\"290\" src=\"https:\/\/www.ctms-imc.com\/wp-content\/uploads\/2022\/09\/banners-Matrix_ctms.jpg\" class=\"attachment-2048x2048 size-2048x2048 wp-image-1721\" alt=\"\" srcset=\"https:\/\/www.ctms-imc.com\/wp-content\/uploads\/2022\/09\/banners-Matrix_ctms.jpg 1900w, https:\/\/www.ctms-imc.com\/wp-content\/uploads\/2022\/09\/banners-Matrix_ctms-300x46.jpg 300w, https:\/\/www.ctms-imc.com\/wp-content\/uploads\/2022\/09\/banners-Matrix_ctms-1024x156.jpg 1024w, https:\/\/www.ctms-imc.com\/wp-content\/uploads\/2022\/09\/banners-Matrix_ctms-768x117.jpg 768w, https:\/\/www.ctms-imc.com\/wp-content\/uploads\/2022\/09\/banners-Matrix_ctms-1536x234.jpg 1536w\" sizes=\"(max-width: 1900px) 100vw, 1900px\" \/>\t\t\t\t\t\t\t\t\t\t\t\t\t\t\t<\/div>\n\t\t\t\t\t<\/div>\n\t\t<\/div>\n\t\t\t\t\t<\/div>\n\t\t<\/section>\n\t\t\t\t<section class=\"elementor-section elementor-top-section elementor-element elementor-element-fe1d0e8 elementor-section-boxed elementor-section-height-default elementor-section-height-default\" data-id=\"fe1d0e8\" data-element_type=\"section\" data-settings=\"{&quot;background_background&quot;:&quot;classic&quot;}\">\n\t\t\t\t\t\t<div class=\"elementor-container elementor-column-gap-default\">\n\t\t\t\t\t<div class=\"elementor-column elementor-col-100 elementor-top-column elementor-element elementor-element-71e4a3e2\" data-id=\"71e4a3e2\" data-element_type=\"column\">\n\t\t\t<div class=\"elementor-widget-wrap elementor-element-populated\">\n\t\t\t\t\t\t<div class=\"elementor-element elementor-element-79313cad elementor-widget elementor-widget-heading\" data-id=\"79313cad\" data-element_type=\"widget\" data-widget_type=\"heading.default\">\n\t\t\t\t\t<h2 class=\"elementor-heading-title elementor-size-default\">CTMS<\/h2>\t\t\t\t<\/div>\n\t\t\t\t\t<\/div>\n\t\t<\/div>\n\t\t\t\t\t<\/div>\n\t\t<\/section>\n\t\t\t\t<section class=\"elementor-section elementor-top-section elementor-element elementor-element-3a1303fc elementor-section-boxed elementor-section-height-default elementor-section-height-default\" data-id=\"3a1303fc\" data-element_type=\"section\">\n\t\t\t\t\t\t<div class=\"elementor-container elementor-column-gap-default\">\n\t\t\t\t\t<div class=\"elementor-column elementor-col-50 elementor-top-column elementor-element elementor-element-2325dc16\" data-id=\"2325dc16\" data-element_type=\"column\">\n\t\t\t<div class=\"elementor-widget-wrap elementor-element-populated\">\n\t\t\t\t\t\t<div class=\"elementor-element elementor-element-4ceb20b2 elementor-widget elementor-widget-text-editor\" data-id=\"4ceb20b2\" data-element_type=\"widget\" data-widget_type=\"text-editor.default\">\n\t\t\t\t\t\t\t\t\t<p>CTMS es la Divisi\u00f3n de Negocio de IMC responsable de MATRIX y de la actividad de Gesti\u00f3n de Herramientas. Nuestro objetivo es apoyar al cliente para ayudarle a incrementar la productividad y reducir los costes a partir de la gesti\u00f3n eficiente de las herramientas de corte. <br \/>Ofrecemos una amplia variedad de programas de gesti\u00f3n de herramientas adaptados a la necesidad de cada cliente, sacando el m\u00e1ximo partido de MATRIX y de nuestra vasta experiencia en la industria metalmec\u00e1nica.<\/p>\t\t\t\t\t\t\t\t<\/div>\n\t\t\t\t\t<\/div>\n\t\t<\/div>\n\t\t\t\t<div class=\"elementor-column elementor-col-50 elementor-top-column elementor-element elementor-element-bb5b47d\" data-id=\"bb5b47d\" data-element_type=\"column\">\n\t\t\t<div class=\"elementor-widget-wrap elementor-element-populated\">\n\t\t\t\t\t\t<div class=\"elementor-element elementor-element-0e530fd elementor-widget elementor-widget-image\" data-id=\"0e530fd\" data-element_type=\"widget\" data-widget_type=\"image.default\">\n\t\t\t\t\t\t\t\t\t\t\t\t\t\t\t<img decoding=\"async\" width=\"1024\" height=\"768\" src=\"https:\/\/www.ctms-imc.com\/wp-content\/uploads\/2022\/07\/img-11.png\" class=\"attachment-large size-large wp-image-597\" alt=\"\" srcset=\"https:\/\/www.ctms-imc.com\/wp-content\/uploads\/2022\/07\/img-11.png 1024w, https:\/\/www.ctms-imc.com\/wp-content\/uploads\/2022\/07\/img-11-300x225.png 300w, https:\/\/www.ctms-imc.com\/wp-content\/uploads\/2022\/07\/img-11-768x576.png 768w\" sizes=\"(max-width: 1024px) 100vw, 1024px\" \/>\t\t\t\t\t\t\t\t\t\t\t\t\t\t\t<\/div>\n\t\t\t\t\t<\/div>\n\t\t<\/div>\n\t\t\t\t\t<\/div>\n\t\t<\/section>\n\t\t\t\t<section class=\"elementor-section elementor-top-section elementor-element elementor-element-1e7bf2ad elementor-section-boxed elementor-section-height-default elementor-section-height-default\" data-id=\"1e7bf2ad\" data-element_type=\"section\">\n\t\t\t\t\t\t<div class=\"elementor-container elementor-column-gap-default\">\n\t\t\t\t\t<div class=\"elementor-column elementor-col-100 elementor-top-column elementor-element elementor-element-25e96deb\" data-id=\"25e96deb\" data-element_type=\"column\">\n\t\t\t<div class=\"elementor-widget-wrap elementor-element-populated\">\n\t\t\t\t\t\t<div class=\"elementor-element elementor-element-1afa5c47 elementor-widget-divider--view-line elementor-widget elementor-widget-divider\" data-id=\"1afa5c47\" data-element_type=\"widget\" data-widget_type=\"divider.default\">\n\t\t\t\t\t\t\t<div class=\"elementor-divider\">\n\t\t\t<span class=\"elementor-divider-separator\">\n\t\t\t\t\t\t<\/span>\n\t\t<\/div>\n\t\t\t\t\t\t<\/div>\n\t\t\t\t\t<\/div>\n\t\t<\/div>\n\t\t\t\t\t<\/div>\n\t\t<\/section>\n\t\t\t\t<\/div>","protected":false},"excerpt":{"rendered":"<p>CTMS CTMS is IMC\u2019s Business Division responsible for MATRIX and Tool Management activity. We focus upon supporting our customers\u2019 drive to increase productivity and reduce costs from efficient management of cutting tools. We offer a variety of tool management programs tailored to the needs of each customer, leveraging MATRIX and our vast experience in the &hellip;<\/p>\n<p class=\"read-more\"> <a class=\"\" href=\"https:\/\/www.ctms-imc.com\/es\/ctms\/\"> <span class=\"screen-reader-text\">CTMS<\/span> Leer m\u00e1s &raquo;<\/a><\/p>","protected":false},"author":1,"featured_media":0,"parent":0,"menu_order":0,"comment_status":"closed","ping_status":"closed","template":"","meta":{"inline_featured_image":false,"site-sidebar-layout":"no-sidebar","site-content-layout":"page-builder","ast-global-header-display":"","ast-main-header-display":"","ast-hfb-above-header-display":"","ast-hfb-below-header-display":"","ast-hfb-mobile-header-display":"","site-post-title":"disabled","ast-breadcrumbs-content":"","ast-featured-img":"disabled","footer-sml-layout":"","theme-transparent-header-meta":"","adv-header-id-meta":"","stick-header-meta":"","header-above-stick-meta":"","header-main-stick-meta":"","header-below-stick-meta":"","footnotes":""},"class_list":["post-491","page","type-page","status-publish","hentry"],"_links":{"self":[{"href":"https:\/\/www.ctms-imc.com\/es\/wp-json\/wp\/v2\/pages\/491"}],"collection":[{"href":"https:\/\/www.ctms-imc.com\/es\/wp-json\/wp\/v2\/pages"}],"about":[{"href":"https:\/\/www.ctms-imc.com\/es\/wp-json\/wp\/v2\/types\/page"}],"author":[{"embeddable":true,"href":"https:\/\/www.ctms-imc.com\/es\/wp-json\/wp\/v2\/users\/1"}],"replies":[{"embeddable":true,"href":"https:\/\/www.ctms-imc.com\/es\/wp-json\/wp\/v2\/comments?post=491"}],"version-history":[{"count":47,"href":"https:\/\/www.ctms-imc.com\/es\/wp-json\/wp\/v2\/pages\/491\/revisions"}],"predecessor-version":[{"id":2655,"href":"https:\/\/www.ctms-imc.com\/es\/wp-json\/wp\/v2\/pages\/491\/revisions\/2655"}],"wp:attachment":[{"href":"https:\/\/www.ctms-imc.com\/es\/wp-json\/wp\/v2\/media?parent=491"}],"curies":[{"name":"wp","href":"https:\/\/api.w.org\/{rel}","templated":true}]}}